{"id":2,"date":"2016-05-10T03:48:21","date_gmt":"2016-05-10T03:48:21","guid":{"rendered":"http:\/\/holzscheffel.de\/?page_id=2"},"modified":"2021-10-24T14:44:51","modified_gmt":"2021-10-24T12:44:51","slug":"sample-page","status":"publish","type":"page","link":"https:\/\/holzscheffel.de\/","title":{"rendered":""},"content":{"rendered":"<h1>Wir f\u00fchren folgende Arbeiten f\u00fcr Sie aus:<\/h1>\n<ul>\n<li><strong>Grundst\u00fcckspflege<\/strong><\/li>\n<li><strong>Gartenarbeiten<\/strong><\/li>\n<li><strong>Holzspaltung<\/strong><\/li>\n<li style=\"text-align: left;\"><strong>Baumf\u00e4llarbeiten<\/strong><\/li>\n<li style=\"text-align: left;\"><strong>Zaunbau<\/strong><\/li>\n<li>Erdbauarbeiten<\/li>\n<li>Erstellen von Jagdeinrichtungen<\/li>\n<li>Fertigung und Aufbau von B\u00e4nken und Sitzgelegenheiten<\/li>\n<\/ul>\n<p style=\"text-align: center;\">weiteres gern auf Anfrage&#8230;<\/p>\n\n\n<div class=\"left-sidebar blog-right widget_fbw_id\" id=\"fbw_id-3\" title=\"Shift-Klick, um dieses Widget zu bearbeiten.\"><h4>Besuch uns bei Facebook<\/h4><div class=\"fb_loader\" style=\"text-align: center !important; display: none;\"><img decoding=\"async\" src=\"https:\/\/holzscheffel.de\/wp-content\/plugins\/facebook-pagelike-widget\/loader.gif\" alt=\"Facebook Pagelike Widget\"><\/div><div id=\"fb-root\" class=\" fb_reset\"><div style=\"position: absolute; top: -10000px; width: 0px; height: 0px;\"><div><\/div><\/div><\/div>\n        <div class=\"fb-page fb_iframe_widget\" data-href=\"https:\/\/www.facebook.com\/Forst-und-Gartenservice-Scheffel-104066832073041 \" data-width=\"770\" data-height=\"500\" data-small-header=\"true\" data-adapt-container-width=\"false\" data-hide-cover=\"false\" data-show-facepile=\"true\" data-show-posts=\"true\" style=\"\" hide_cta=\"false\" data-tabs=\"timeline\" fb-xfbml-state=\"rendered\" fb-iframe-plugin-query=\"adapt_container_width=false&amp;app_id=503595753002055&amp;container_width=261&amp;height=500&amp;hide_cover=false&amp;hide_cta=false&amp;href=https%3A%2F%2Fwww.facebook.com%2FForst-und-Gartenservice-Scheffel-104066832073041&amp;locale=de_DE&amp;sdk=joey&amp;show_facepile=true&amp;show_posts=true&amp;small_header=true&amp;tabs=timeline&amp;width=770\"><span style=\"vertical-align: bottom; width: 500px; height: 500px;\"><iframe loading=\"lazy\" name=\"f2abea01ff152e\" width=\"770px\" height=\"500px\" data-testid=\"fb:page Facebook Social Plugin\" title=\"fb:page Facebook Social Plugin\" frameborder=\"0\" allowtransparency=\"true\" allowfullscreen=\"true\" scrolling=\"no\" allow=\"encrypted-media\" src=\"https:\/\/www.facebook.com\/v2.5\/plugins\/page.php?adapt_container_width=false&amp;app_id=503595753002055&amp;channel=https%3A%2F%2Fstaticxx.facebook.com%2Fx%2Fconnect%2Fxd_arbiter%2F%3Fversion%3D46%23cb%3Df435674dc80038%26domain%3Dholzscheffel.de%26is_canvas%3Dfalse%26origin%3Dhttps%253A%252F%252Fholzscheffel.de%252Ff21737c81d03c%26relation%3Dparent.parent&amp;container_width=261&amp;height=500&amp;hide_cover=false&amp;hide_cta=false&amp;href=https%3A%2F%2Fwww.facebook.com%2FForst-und-Gartenservice-Scheffel-104066832073041&amp;locale=de_DE&amp;sdk=joey&amp;show_facepile=true&amp;show_posts=true&amp;small_header=true&amp;tabs=timeline&amp;width=770\" style=\"border: none; visibility: visible; width: 500px; height: 500px;\" class=\"\"><\/iframe><\/span><\/div><\/div>\n","protected":false},"excerpt":{"rendered":"<p>Wir f\u00fchren folgende Arbeiten f\u00fcr Sie aus: Grundst\u00fcckspflege Gartenarbeiten Holzspaltung Baumf\u00e4llarbeiten Zaunbau Erdbauarbeiten Erstellen von Jagdeinrichtungen Fertigung und Aufbau von B\u00e4nken und Sitzgelegenheiten weiteres gern auf Anfrage&#8230; Besuch uns bei<\/p>\n<p>\n                <span class=\"glyphicon glyphicon-arrow-right\"><a title=\"Continue reading\" href=\"https:\/\/holzscheffel.de\/\">Continue reading<\/a><\/span><\/p>\n","protected":false},"author":1,"featured_media":0,"parent":0,"menu_order":0,"comment_status":"closed","ping_status":"open","template":"","meta":{"footnotes":""},"class_list":["post-2","page","type-page","status-publish","hentry"],"_links":{"self":[{"href":"https:\/\/holzscheffel.de\/index.php?rest_route=\/wp\/v2\/pages\/2","targetHints":{"allow":["GET"]}}],"collection":[{"href":"https:\/\/holzscheffel.de\/index.php?rest_route=\/wp\/v2\/pages"}],"about":[{"href":"https:\/\/holzscheffel.de\/index.php?rest_route=\/wp\/v2\/types\/page"}],"author":[{"embeddable":true,"href":"https:\/\/holzscheffel.de\/index.php?rest_route=\/wp\/v2\/users\/1"}],"replies":[{"embeddable":true,"href":"https:\/\/holzscheffel.de\/index.php?rest_route=%2Fwp%2Fv2%2Fcomments&post=2"}],"version-history":[{"count":3,"href":"https:\/\/holzscheffel.de\/index.php?rest_route=\/wp\/v2\/pages\/2\/revisions"}],"predecessor-version":[{"id":36,"href":"https:\/\/holzscheffel.de\/index.php?rest_route=\/wp\/v2\/pages\/2\/revisions\/36"}],"wp:attachment":[{"href":"https:\/\/holzscheffel.de\/index.php?rest_route=%2Fwp%2Fv2%2Fmedia&parent=2"}],"curies":[{"name":"wp","href":"https:\/\/api.w.org\/{rel}","templated":true}]}}